{"id":47385,"date":"2025-02-13T10:58:06","date_gmt":"2025-02-13T09:58:06","guid":{"rendered":"https:\/\/agromparts.com\/?post_type=product&#038;p=47385"},"modified":"2026-02-23T09:10:26","modified_gmt":"2026-02-23T08:10:26","slug":"pignon-de-rotor-droit-claas-lexion-740-750-760-770-7800006707212","status":"publish","type":"product","link":"https:\/\/agromparts.com\/fr\/produit\/pignon-de-rotor-droit-claas-lexion-740-750-760-770-7800006707212\/","title":{"rendered":"ROTOR D&#039;ENGRENAGE DROIT CLAAS LEXION 740, 750, 760, 770, 780,0006707212"},"content":{"rendered":"<pre id=\"tw-target-text\" class=\"tw-data-text tw-text-large tw-ta\" dir=\"ltr\" data-placeholder=\"T\u0142umaczenie\" data-ved=\"2ahUKEwiSuOnRuL6LAxXyFhAIHYKzAKYQ3ewLegQIBxAV\" aria-label=\"Texte de pr\u00e9sentation : PI\u00c8CES D&#039;OCCASION EN PARFAIT \u00c9TATROTOR DROIT CLAAS LEXION 740 TERRA TRAC 2014NUM\u00c9RO DE CATALOGUE 0006707212PRODUIT CONVIENT AUX MOD\u00c8LES : CLAAS LEXION 730-780N\u00b0 DE COMPARAISON ; PRIX ; SUR DEMANDENous avons \u00e9galement d&#039;autres pi\u00e8ces pour ces mod\u00e8les et d&#039;autresNum\u00e9ro de catalogue 00 0670 721 2\"><span class=\"Y2IQFc\" lang=\"en\">PI\u00c8CES D&#039;OCCASION EN PARFAIT \u00c9TAT ROTOR DROIT CLAAS LEXION 740 TERRA TRAC 2014 NUM\u00c9RO DE CATALOGUE 0006707212 PRODUIT CONVIENT AUX MOD\u00c8LES : CLAAS LEXION 730-780 N\u00b0 COMPARATIF ; PRIX ; SUR DEMANDE Nous avons \u00e9galement d&#039;autres pi\u00e8ces pour ces mod\u00e8les et d&#039;autres Num\u00e9ro de catalogue 00 0670 721 2<\/span><\/pre>","protected":false},"excerpt":{"rendered":"<p>USED \u200b\u200bPARTS IN PERFECT CONDITION RIGHT ROTOR CLAAS LEXION 740 TERRA TRAC 2014 CATALOG NUMBER 0006707212 PRODUCT FITS MODELS: CLAAS<\/p>","protected":false},"featured_media":47386,"comment_status":"open","ping_status":"closed","template":"","meta":[],"product_brand":[],"product_cat":[15],"product_tag":[],"class_list":{"0":"post-47385","1":"product","2":"type-product","3":"status-publish","4":"has-post-thumbnail","6":"product_cat-tractors","8":"first","9":"instock","10":"shipping-taxable","11":"product-type-simple"},"_links":{"self":[{"href":"https:\/\/agromparts.com\/fr\/wp-json\/wp\/v2\/product\/47385","targetHints":{"allow":["GET"]}}],"collection":[{"href":"https:\/\/agromparts.com\/fr\/wp-json\/wp\/v2\/product"}],"about":[{"href":"https:\/\/agromparts.com\/fr\/wp-json\/wp\/v2\/types\/product"}],"replies":[{"embeddable":true,"href":"https:\/\/agromparts.com\/fr\/wp-json\/wp\/v2\/comments?post=47385"}],"version-history":[{"count":1,"href":"https:\/\/agromparts.com\/fr\/wp-json\/wp\/v2\/product\/47385\/revisions"}],"predecessor-version":[{"id":47387,"href":"https:\/\/agromparts.com\/fr\/wp-json\/wp\/v2\/product\/47385\/revisions\/47387"}],"wp:featuredmedia":[{"embeddable":true,"href":"https:\/\/agromparts.com\/fr\/wp-json\/wp\/v2\/media\/47386"}],"wp:attachment":[{"href":"https:\/\/agromparts.com\/fr\/wp-json\/wp\/v2\/media?parent=47385"}],"wp:term":[{"taxonomy":"product_brand","embeddable":true,"href":"https:\/\/agromparts.com\/fr\/wp-json\/wp\/v2\/product_brand?post=47385"},{"taxonomy":"product_cat","embeddable":true,"href":"https:\/\/agromparts.com\/fr\/wp-json\/wp\/v2\/product_cat?post=47385"},{"taxonomy":"product_tag","embeddable":true,"href":"https:\/\/agromparts.com\/fr\/wp-json\/wp\/v2\/product_tag?post=47385"}],"curies":[{"name":"wp","href":"https:\/\/api.w.org\/{rel}","templated":true}]}}