{"id":39925,"date":"2024-01-20T13:41:16","date_gmt":"2024-01-20T13:41:16","guid":{"rendered":"https:\/\/agromparts.com\/?post_type=product&#038;p=39925"},"modified":"2026-02-07T09:58:22","modified_gmt":"2026-02-07T08:58:22","slug":"sensor-re523319","status":"publish","type":"product","link":"https:\/\/agromparts.com\/es\/producto\/sensor-re523319\/","title":{"rendered":"TURBOCHARGER SENSOR RE523319 JOHN DEERE  7930- 9230"},"content":{"rendered":"<pre id=\"tw-target-text\" class=\"tw-data-text tw-text-large tw-ta\" dir=\"ltr\" data-placeholder=\"T\u0142umaczenie\" data-ved=\"2ahUKEwjDxb_FvZiMAxUfKhAIHerpHiAQ3ewLegQICBAV\" aria-label=\"Przet\u0142umaczony tekst: USED \u200b\u200bPARTS IN PERFECT CONDITION FOR SALE TURBOCHARGER SENSOR RE523319 JOHN DEERE THIS PRODUCT FITS MODELS: 7930, 7830, 2204, 7630, 7730, 7130, 7230, 7530, 7430, 7330, 6530, 6630, 6830, 6930, 9470, 9420, 9520, 9570, 9470, 9530, 9630, 9330, 9430, 9230 C670, T560, T670, T660, T560, W660, W650, 9540, 9560, 9580, 9780, 9640, 9660, 9680, S690, 1570, W540, T550 We also have other parts for these models and for other agricultural machines\"><span class=\"Y2IQFc\" lang=\"en\">PIEZAS USADAS EN PERFECTO ESTADO EN VENTA SENSOR DE TURBOCOMPRESOR RE523319 JOHN DEERE ESTE PRODUCTO SE ADAPTA A LOS MODELOS: 7930, 7830, 2204, 7630, 7730, 7130, 7230, 7530, 7430, 7330, 6530, 6630, 6830, 6930, 9470, 9420, 9520, 9570, 9470, 9530, 9630, 9330, 9430, 9230 C670, T560, T670, T660, T560, W660, W650, 9540, 9560, 9580, 9780, 9640, 9660, 9680, S690, 1570, W540, T550 Tambi\u00e9n disponemos de otras piezas para estos modelos y para otras m\u00e1quinas agr\u00edcolas.<\/span><\/pre>","protected":false},"excerpt":{"rendered":"<p>USED \u200b\u200bPARTS IN PERFECT CONDITION FOR SALE TURBOCHARGER SENSOR RE523319 JOHN DEERE THIS PRODUCT FITS MODELS: 7930, 7830, 2204, 7630,<\/p>","protected":false},"featured_media":47722,"comment_status":"open","ping_status":"closed","template":"","meta":[],"product_brand":[],"product_cat":[1076],"product_tag":[],"class_list":{"0":"post-39925","1":"product","2":"type-product","3":"status-publish","4":"has-post-thumbnail","6":"product_cat-engine-john-deere-7750","8":"first","9":"instock","10":"shipping-taxable","11":"purchasable","12":"product-type-simple"},"_links":{"self":[{"href":"https:\/\/agromparts.com\/es\/wp-json\/wp\/v2\/product\/39925","targetHints":{"allow":["GET"]}}],"collection":[{"href":"https:\/\/agromparts.com\/es\/wp-json\/wp\/v2\/product"}],"about":[{"href":"https:\/\/agromparts.com\/es\/wp-json\/wp\/v2\/types\/product"}],"replies":[{"embeddable":true,"href":"https:\/\/agromparts.com\/es\/wp-json\/wp\/v2\/comments?post=39925"}],"version-history":[{"count":4,"href":"https:\/\/agromparts.com\/es\/wp-json\/wp\/v2\/product\/39925\/revisions"}],"predecessor-version":[{"id":61352,"href":"https:\/\/agromparts.com\/es\/wp-json\/wp\/v2\/product\/39925\/revisions\/61352"}],"wp:featuredmedia":[{"embeddable":true,"href":"https:\/\/agromparts.com\/es\/wp-json\/wp\/v2\/media\/47722"}],"wp:attachment":[{"href":"https:\/\/agromparts.com\/es\/wp-json\/wp\/v2\/media?parent=39925"}],"wp:term":[{"taxonomy":"product_brand","embeddable":true,"href":"https:\/\/agromparts.com\/es\/wp-json\/wp\/v2\/product_brand?post=39925"},{"taxonomy":"product_cat","embeddable":true,"href":"https:\/\/agromparts.com\/es\/wp-json\/wp\/v2\/product_cat?post=39925"},{"taxonomy":"product_tag","embeddable":true,"href":"https:\/\/agromparts.com\/es\/wp-json\/wp\/v2\/product_tag?post=39925"}],"curies":[{"name":"gracias","href":"https:\/\/api.w.org\/{rel}","templated":true}]}}