{"id":20682,"date":"2024-01-16T20:42:38","date_gmt":"2024-01-16T20:42:38","guid":{"rendered":"https:\/\/agromparts.com\/?post_type=product&#038;p=20682"},"modified":"2026-02-05T12:23:23","modified_gmt":"2026-02-05T11:23:23","slug":"brazo-2-s-h233482","status":"publish","type":"product","link":"https:\/\/agromparts.com\/es\/producto\/brazo-2-s-h233482\/","title":{"rendered":"COMPLETE ARM OF JOHN DEERE H233482,H233466  9470 STS 9570 STS 9670 STS 9770 STS 9870 STS S5 500 S540 S550 S560 S650 S660 S660"},"content":{"rendered":"<pre id=\"tw-target-text\" class=\"tw-data-text tw-text-large tw-ta\" dir=\"ltr\" data-placeholder=\"T\u0142umaczenie\" data-ved=\"2ahUKEwiK0KLqnrGLAxW7JRAIHfOCCgoQ3ewLegQIBxAW\" aria-label=\"Przet\u0142umaczony tekst: USED \u200b\u200bPARTS IN PERFECT CONDITION FOR SALE ORIGINAL COMPLETE JOHN DEERE S670 SIRE ARM - H233482,H233466 FITS MODELS; 9470 STS 9570 STS 9670 STS 9770 STS 9870 STS S5 500 S540 S550 S560 S650 S660 S660 PRECISION UPGRADES S670 S670 PRECISION UPGRADES S670H S680 S680 PRECISION UPGRADES S680H S685 S685H S690 S690 PRECISION UPGRADES S690H We also have other parts for these models and other agricultural machines\"><span class=\"Y2IQFc\" lang=\"en\">PIEZAS USADAS EN PERFECTO ESTADO EN VENTA BRAZO SIRE ORIGINAL COMPLETO JOHN DEERE S670 - H233482,H233466 SE ADAPTA A LOS MODELOS; 9470 STS 9570 STS 9670 STS 9770 STS 9870 STS S5 500 S540 S550 S560 S650 S660 S660 PRECISION UPGRADES S670 S670 PRECISION UPGRADES S670H S680 S680 PRECISION UPGRADES S680H S685 S685H S690 S690 PRECISION UPGRADES S690H Tambi\u00e9n tenemos otras piezas para estos modelos y otras m\u00e1quinas agr\u00edcolas<\/span><\/pre>","protected":false},"excerpt":{"rendered":"<p>USED \u200b\u200bPARTS IN PERFECT CONDITION FOR SALE ORIGINAL COMPLETE JOHN DEERE S670 SIRE ARM &#8211; H233482,H233466 FITS MODELS; 9470 STS<\/p>","protected":false},"featured_media":61243,"comment_status":"open","ping_status":"closed","template":"","meta":[],"product_brand":[],"product_cat":[262],"product_tag":[],"class_list":{"0":"post-20682","1":"product","2":"type-product","3":"status-publish","4":"has-post-thumbnail","6":"product_cat-cleaning-system","8":"first","9":"instock","10":"shipping-taxable","11":"purchasable","12":"product-type-simple"},"_links":{"self":[{"href":"https:\/\/agromparts.com\/es\/wp-json\/wp\/v2\/product\/20682","targetHints":{"allow":["GET"]}}],"collection":[{"href":"https:\/\/agromparts.com\/es\/wp-json\/wp\/v2\/product"}],"about":[{"href":"https:\/\/agromparts.com\/es\/wp-json\/wp\/v2\/types\/product"}],"replies":[{"embeddable":true,"href":"https:\/\/agromparts.com\/es\/wp-json\/wp\/v2\/comments?post=20682"}],"version-history":[{"count":3,"href":"https:\/\/agromparts.com\/es\/wp-json\/wp\/v2\/product\/20682\/revisions"}],"predecessor-version":[{"id":61244,"href":"https:\/\/agromparts.com\/es\/wp-json\/wp\/v2\/product\/20682\/revisions\/61244"}],"wp:featuredmedia":[{"embeddable":true,"href":"https:\/\/agromparts.com\/es\/wp-json\/wp\/v2\/media\/61243"}],"wp:attachment":[{"href":"https:\/\/agromparts.com\/es\/wp-json\/wp\/v2\/media?parent=20682"}],"wp:term":[{"taxonomy":"product_brand","embeddable":true,"href":"https:\/\/agromparts.com\/es\/wp-json\/wp\/v2\/product_brand?post=20682"},{"taxonomy":"product_cat","embeddable":true,"href":"https:\/\/agromparts.com\/es\/wp-json\/wp\/v2\/product_cat?post=20682"},{"taxonomy":"product_tag","embeddable":true,"href":"https:\/\/agromparts.com\/es\/wp-json\/wp\/v2\/product_tag?post=20682"}],"curies":[{"name":"gracias","href":"https:\/\/api.w.org\/{rel}","templated":true}]}}