{"id":44492,"date":"2024-01-27T12:55:13","date_gmt":"2024-01-27T12:55:13","guid":{"rendered":"https:\/\/agromparts.com\/?page_id=44492"},"modified":"2024-02-01T14:31:39","modified_gmt":"2024-02-01T14:31:39","slug":"acerca-de-nosotros","status":"publish","type":"page","link":"https:\/\/agromparts.com\/es\/acerca-de-nosotros\/","title":{"rendered":"Qui\u00e9nes somos"},"content":{"rendered":"<div data-elementor-type=\"wp-page\" data-elementor-id=\"44492\" class=\"elementor elementor-44492\">\n\t\t\t\t\t\t<section class=\"wd-negative-gap elementor-section elementor-top-section elementor-element elementor-element-be58fdf elementor-section-boxed elementor-section-height-default elementor-section-height-default\" data-id=\"be58fdf\" data-element_type=\"section\" data-e-type=\"section\">\n\t\t\t\t\t\t<div class=\"elementor-container elementor-column-gap-default\">\n\t\t\t\t\t<div class=\"elementor-column elementor-col-100 elementor-top-column elementor-element elementor-element-78d67a6\" data-id=\"78d67a6\" data-element_type=\"column\" data-e-type=\"column\">\n\t\t\t<div class=\"elementor-widget-wrap elementor-element-populated\">\n\t\t\t\t\t\t<div class=\"elementor-element elementor-element-cd2c7c9 elementor-widget elementor-widget-heading\" data-id=\"cd2c7c9\" data-element_type=\"widget\" data-e-type=\"widget\" data-widget_type=\"heading.default\">\n\t\t\t\t<div class=\"elementor-widget-container\">\n\t\t\t\t\t<h1 class=\"elementor-heading-title elementor-size-default\">Piezas usadas de maquinaria agr\u00edcola en Europa<\/h1>\t\t\t\t<\/div>\n\t\t\t\t<\/div>\n\t\t\t\t\t<\/div>\n\t\t<\/div>\n\t\t\t\t\t<\/div>\n\t\t<\/section>\n\t\t\t\t<section class=\"wd-negative-gap elementor-section elementor-top-section elementor-element elementor-element-ba1fdfe elementor-section-boxed elementor-section-height-default elementor-section-height-default\" data-id=\"ba1fdfe\" data-element_type=\"section\" data-e-type=\"section\">\n\t\t\t\t\t\t<div class=\"elementor-container elementor-column-gap-default\">\n\t\t\t\t\t<div class=\"elementor-column elementor-col-100 elementor-top-column elementor-element elementor-element-cea818d\" data-id=\"cea818d\" data-element_type=\"column\" data-e-type=\"column\">\n\t\t\t<div class=\"elementor-widget-wrap elementor-element-populated\">\n\t\t\t\t\t\t<div class=\"elementor-element elementor-element-d526bc8 color-scheme-inherit text-left elementor-widget elementor-widget-text-editor\" data-id=\"d526bc8\" data-element_type=\"widget\" data-e-type=\"widget\" data-widget_type=\"text-editor.default\">\n\t\t\t\t<div class=\"elementor-widget-container\">\n\t\t\t\t\t\t\t\t\t<p>Bienvenido a AGROMPARTS, su principal destino para piezas usadas de alta calidad para tractores, cosechadoras y empacadoras en toda Europa. AGROMPARTS se especializa en ofrecer soluciones fiables y rentables para que su maquinaria agr\u00edcola funcione a pleno rendimiento. AGROMPARTS est\u00e1 formado por un equipo de profesionales dedicados con un profundo conocimiento de la agricultura y un compromiso con la satisfacci\u00f3n del cliente. Con a\u00f1os de experiencia en la industria, nos hemos convertido en una fuente de confianza para las piezas usadas genuinas, de alta calidad procedentes de proveedores de renombre.<\/p>\t\t\t\t\t\t\t\t<\/div>\n\t\t\t\t<\/div>\n\t\t\t\t\t<\/div>\n\t\t<\/div>\n\t\t\t\t\t<\/div>\n\t\t<\/section>\n\t\t\t\t<section class=\"wd-negative-gap elementor-section elementor-top-section elementor-element elementor-element-3a2099e elementor-section-boxed elementor-section-height-default elementor-section-height-default\" data-id=\"3a2099e\" data-element_type=\"section\" data-e-type=\"section\">\n\t\t\t\t\t\t<div class=\"elementor-container elementor-column-gap-default\">\n\t\t\t\t\t<div class=\"elementor-column elementor-col-100 elementor-top-column elementor-element elementor-element-615c7ad\" data-id=\"615c7ad\" data-element_type=\"column\" data-e-type=\"column\">\n\t\t\t<div class=\"elementor-widget-wrap elementor-element-populated\">\n\t\t\t\t\t\t<div class=\"elementor-element elementor-element-8e62ab0 elementor-widget elementor-widget-heading\" data-id=\"8e62ab0\" data-element_type=\"widget\" data-e-type=\"widget\" data-widget_type=\"heading.default\">\n\t\t\t\t<div class=\"elementor-widget-container\">\n\t\t\t\t\t<h2 class=\"elementor-heading-title elementor-size-default\">Nuestros productos:\n<\/h2>\t\t\t\t<\/div>\n\t\t\t\t<\/div>\n\t\t\t\t\t<\/div>\n\t\t<\/div>\n\t\t\t\t\t<\/div>\n\t\t<\/section>\n\t\t\t\t<section class=\"wd-negative-gap elementor-section elementor-top-section elementor-element elementor-element-ecad14d elementor-section-boxed elementor-section-height-default elementor-section-height-default\" data-id=\"ecad14d\" data-element_type=\"section\" data-e-type=\"section\">\n\t\t\t\t\t\t<div class=\"elementor-container elementor-column-gap-default\">\n\t\t\t\t\t<div class=\"elementor-column elementor-col-100 elementor-top-column elementor-element elementor-element-71e0c50\" data-id=\"71e0c50\" data-element_type=\"column\" data-e-type=\"column\">\n\t\t\t<div class=\"elementor-widget-wrap elementor-element-populated\">\n\t\t\t\t\t\t<div class=\"elementor-element elementor-element-e47e366 color-scheme-inherit text-left elementor-widget elementor-widget-text-editor\" data-id=\"e47e366\" data-element_type=\"widget\" data-e-type=\"widget\" data-widget_type=\"text-editor.default\">\n\t\t\t\t<div class=\"elementor-widget-container\">\n\t\t\t\t\t\t\t\t\t<p style=\"padding-left: 40px; text-align: left;\">\u00a0AGROMPARTS est\u00e1 formado por un equipo de profesionales dedicados con un profundo conocimiento de la agricultura y un compromiso con la satisfacci\u00f3n del cliente. Con a\u00f1os de experiencia en la industria, nos hemos convertido en una fuente de confianza para las piezas usadas genuinas, de alta calidad procedentes de proveedores de renombre.<\/p>\t\t\t\t\t\t\t\t<\/div>\n\t\t\t\t<\/div>\n\t\t\t\t\t<\/div>\n\t\t<\/div>\n\t\t\t\t\t<\/div>\n\t\t<\/section>\n\t\t\t\t<section class=\"wd-negative-gap elementor-section elementor-top-section elementor-element elementor-element-c433d7d elementor-section-boxed elementor-section-height-default elementor-section-height-default\" data-id=\"c433d7d\" data-element_type=\"section\" data-e-type=\"section\">\n\t\t\t\t\t\t<div class=\"elementor-container elementor-column-gap-default\">\n\t\t\t\t\t<div class=\"elementor-column elementor-col-33 elementor-top-column elementor-element elementor-element-928b590\" data-id=\"928b590\" data-element_type=\"column\" data-e-type=\"column\">\n\t\t\t<div class=\"elementor-widget-wrap elementor-element-populated\">\n\t\t\t\t\t\t<div class=\"elementor-element elementor-element-7979593 elementor-widget elementor-widget-heading\" data-id=\"7979593\" data-element_type=\"widget\" data-e-type=\"widget\" data-widget_type=\"heading.default\">\n\t\t\t\t<div class=\"elementor-widget-container\">\n\t\t\t\t\t<h2 class=\"elementor-heading-title elementor-size-default\">Cosechadora  \n<\/h2>\t\t\t\t<\/div>\n\t\t\t\t<\/div>\n\t\t\t\t<div class=\"elementor-element elementor-element-b1ab6af color-scheme-inherit text-left elementor-widget elementor-widget-text-editor\" data-id=\"b1ab6af\" data-element_type=\"widget\" data-e-type=\"widget\" data-widget_type=\"text-editor.default\">\n\t\t\t\t<div class=\"elementor-widget-container\">\n\t\t\t\t\t\t\t\t\t<p>John deere WTS 1450 cws<br \/>John deere w540<br \/>John deere 7750i<br \/>John deere s690<br \/>John deere s670HM<br \/>John deere T660<br \/>John deere 1177<\/p><p>Claas lexion 730-750<br \/>Claas Lexion 480 I,II<br \/>Claas Lexion 460<br \/>Claas Lexion 440<br \/>Claas Lexion 770 terratrac<br \/>Claas Lexion 660<br \/>Claas Mega 203<br \/>Claas mega 360<br \/>Claas mega 370<br \/>Claas Tucano 430<br \/>Claas dominator 150-130<br \/>Claas dominator 88<br \/>Claas dominator 150<br \/>Claas dominator 108<br \/>Claas Commandor 116<br \/>Claas Commandor 228<\/p><p>Nuevo Holland TX66<br \/>Nuevo Holland TX64<br \/>Nuevo holland CR9080<br \/>Nuevo holland CX8080<br \/>Nuevo holland CS540<br \/>Deutz 36.10<\/p>\t\t\t\t\t\t\t\t<\/div>\n\t\t\t\t<\/div>\n\t\t\t\t\t<\/div>\n\t\t<\/div>\n\t\t\t\t<div class=\"elementor-column elementor-col-33 elementor-top-column elementor-element elementor-element-65dda28\" data-id=\"65dda28\" data-element_type=\"column\" data-e-type=\"column\">\n\t\t\t<div class=\"elementor-widget-wrap elementor-element-populated\">\n\t\t\t\t\t\t<div class=\"elementor-element elementor-element-844c65d elementor-widget elementor-widget-heading\" data-id=\"844c65d\" data-element_type=\"widget\" data-e-type=\"widget\" data-widget_type=\"heading.default\">\n\t\t\t\t<div class=\"elementor-widget-container\">\n\t\t\t\t\t<h2 class=\"elementor-heading-title elementor-size-default\">Empacadoras <\/h2>\t\t\t\t<\/div>\n\t\t\t\t<\/div>\n\t\t\t\t<div class=\"elementor-element elementor-element-56e49da color-scheme-inherit text-left elementor-widget elementor-widget-text-editor\" data-id=\"56e49da\" data-element_type=\"widget\" data-e-type=\"widget\" data-widget_type=\"text-editor.default\">\n\t\t\t\t<div class=\"elementor-widget-container\">\n\t\t\t\t\t\t\t\t\t<p>Clase Cuadrante 3200<br \/>Claas Cuadrante 3300<br \/>Clase Cuadrante 3400<br \/>Claas Variant 180RC<br \/>Claas variante 260<br \/>Claas variante 280RC<br \/>Claas variante 370<br \/>Claas variante 385RC<\/p><p>Encintadora Vicon RV 2160<br \/>Vicon RV 2190<\/p><p>Enfardadora Krone comprima CF 155 XC<br \/>Enfardadora Krone comprima CV 155 XC<br \/>Krone Big pack 1270 HDP<\/p><p>Kuhn VB 2160<br \/>Kuhn VB 2260<\/p><p>Lely RP 445<br \/>Lely RP 435<br \/>Lely RPC 445 Tornado <br \/>Lely RP 535<\/p><p>Fendt 5160V<\/p><p>John deere 545<br \/>John deere 550<br \/>John deere 572<br \/>John deere 592 <br \/>John deere 960<br \/>John deere F441M<\/p><p>Nuevo holland BR 740<br \/>Nuevo holland BR 7060<br \/>Nuevo holland BR 7070<br \/>Cintur\u00f3n de seguridad New holland 150<\/p><p>Case RBX 454<\/p><p>P\u00f6ttinger Impress 185 V Pro<\/p>\t\t\t\t\t\t\t\t<\/div>\n\t\t\t\t<\/div>\n\t\t\t\t\t<\/div>\n\t\t<\/div>\n\t\t\t\t<div class=\"elementor-column elementor-col-33 elementor-top-column elementor-element elementor-element-2ed4d9a\" data-id=\"2ed4d9a\" data-element_type=\"column\" data-e-type=\"column\">\n\t\t\t<div class=\"elementor-widget-wrap elementor-element-populated\">\n\t\t\t\t\t\t<div class=\"elementor-element elementor-element-86eeae7 elementor-widget elementor-widget-heading\" data-id=\"86eeae7\" data-element_type=\"widget\" data-e-type=\"widget\" data-widget_type=\"heading.default\">\n\t\t\t\t<div class=\"elementor-widget-container\">\n\t\t\t\t\t<h2 class=\"elementor-heading-title elementor-size-default\">Tractores \n<\/h2>\t\t\t\t<\/div>\n\t\t\t\t<\/div>\n\t\t\t\t<section class=\"wd-negative-gap elementor-section elementor-inner-section elementor-element elementor-element-8773da0 elementor-section-boxed elementor-section-height-default elementor-section-height-default\" data-id=\"8773da0\" data-element_type=\"section\" data-e-type=\"section\">\n\t\t\t\t\t\t<div class=\"elementor-container elementor-column-gap-default\">\n\t\t\t\t\t<div class=\"elementor-column elementor-col-50 elementor-inner-column elementor-element elementor-element-d80390a\" data-id=\"d80390a\" data-element_type=\"column\" data-e-type=\"column\">\n\t\t\t<div class=\"elementor-widget-wrap elementor-element-populated\">\n\t\t\t\t\t\t<div class=\"elementor-element elementor-element-ff3a7d9 elementor-widget__width-initial color-scheme-inherit text-left elementor-widget elementor-widget-text-editor\" data-id=\"ff3a7d9\" data-element_type=\"widget\" data-e-type=\"widget\" data-widget_type=\"text-editor.default\">\n\t\t\t\t<div class=\"elementor-widget-container\">\n\t\t\t\t\t\t\t\t\t<p>John deere 7930<br \/>John deere 7830<br \/>John deere 7920<br \/>John deere 7810<br \/>John deere 6534<br \/>John deere 6410<br \/>John deere 6230<br \/>John deere 6330<br \/>John deere 6320<br \/>John deere 9620 RX<br \/>John deere 6145R<br \/>John deere 5100M<br \/>John deere 5100R<br \/>John deere 6115R<br \/>Claas Ares 715<br \/>Claas Ares 816<br \/>Claas Ares 657 ATZ<br \/>Claas Axion 810<br \/>Claas Arion 650 <br \/>Claas Arion 630<br \/>Claas Celtis 446<br \/>Massey Ferguson 6460<br \/>Massey Ferguson 6280<br \/>Massey Ferguson 7499 VT<br \/>Massey Ferguson 7624 dyna 6<br \/>Massey Ferguson 8140<br \/>Massey Ferguson 8130<br \/>Massey Ferguson 8120<br \/>Massey Ferguson 8110 <br \/>Massey Ferguson 373<br \/>Massey Ferguson 8740 S<br \/>Masa 174s<br \/>Valtra S324<br \/>Valtra t140<br \/>Valtra A92<br \/>Valtra T234<br \/>Valmet 6400<br \/>New Holland TS100<br \/>New Holland T5.120<br \/>Nuevo holland t4.120<br \/>New Holland TM 130<br \/>New Holland T6.145<br \/>New Holland T6080<br \/>Nuevo holland T6020<br \/>New Holland T7080<br \/>Nueva Holanda TN75 <br \/>Nuevo holland T7.210<\/p><p>Caso cs86<br \/>Caso cx 100<br \/>Malet\u00edn mx100 <br \/>Caso mx 120<br \/>Caso 4230<\/p>\t\t\t\t\t\t\t\t<\/div>\n\t\t\t\t<\/div>\n\t\t\t\t\t<\/div>\n\t\t<\/div>\n\t\t\t\t<div class=\"elementor-column elementor-col-50 elementor-inner-column elementor-element elementor-element-888ef9c\" data-id=\"888ef9c\" data-element_type=\"column\" data-e-type=\"column\">\n\t\t\t<div class=\"elementor-widget-wrap elementor-element-populated\">\n\t\t\t\t\t\t<div class=\"elementor-element elementor-element-755c584 color-scheme-inherit text-left elementor-widget elementor-widget-text-editor\" data-id=\"755c584\" data-element_type=\"widget\" data-e-type=\"widget\" data-widget_type=\"text-editor.default\">\n\t\t\t\t<div class=\"elementor-widget-container\">\n\t\t\t\t\t\t\t\t\t<p>Caso 5130<br \/>Caso Puma 225cvx<br \/>Case puma 140 cvx<br \/>Case Magnum 7240<br \/>Caso MXM 190<br \/>Mccromick MTX140<br \/>McCormick MTX 150<br \/>Steyr 4125<br \/>Steyr 6145<br \/>Steyr 9086<br \/>Fendt 313 vario<br \/>Fendt 412 vario<br \/>Fendt 514 vario<br \/>Fendt 712 vario<br \/>Fendt 716 TMS<br \/>Fendt 818 vario<br \/>Fendt 820 TMS <br \/>Fendt 926 vario<br \/>Fendt 930vario<br \/>Fendt 930 scr<br \/>Fendt 933<br \/>Fendt 936<br \/>Fendt 936 scr<br \/>Fendt 309CA<br \/>Fendt 309<br \/>Fendt xylon 524<br \/>Deutz Agrostar 6.61<br \/>Deutz Agrotron 100 mk3<br \/>Agrotr\u00f3n Deutz 106<br \/>Agrotr\u00f3n Deutz M410<br \/>Agrotr\u00f3n Deutz 6.30<br \/>Deutz Agrotron 150 nuevo<br \/>Deutz Agrotron 165 mk3<br \/>Agrotr\u00f3n Deutz K430<br \/>Agrotr\u00f3n Deutz 105 <br \/>Deutz Agrotron 215 NUEVO <br \/>Deutz Agroplus 87<br \/>Mismo Hierro 150<br \/>Fiat F115 DT<br \/>Zetor 10540<br \/>Zetor Forterra 120<br \/>manipulador telesc\u00f3pico<br \/>Manitou BT420<br \/>Manitou MLA 628<br \/>Manitou MLT 633 <br \/>Manitou MLT 734<br \/>Manitou MLT 840<br \/>Merlo 26,6<br \/>Merlo 34,7<br \/>Merlo 30,9<br \/>Merlo 32,6<br \/>JCB 530-70<br \/>JCB 731-70<\/p>\t\t\t\t\t\t\t\t<\/div>\n\t\t\t\t<\/div>\n\t\t\t\t\t<\/div>\n\t\t<\/div>\n\t\t\t\t\t<\/div>\n\t\t<\/section>\n\t\t\t\t\t<\/div>\n\t\t<\/div>\n\t\t\t\t\t<\/div>\n\t\t<\/section>\n\t\t\t\t<section class=\"wd-negative-gap elementor-section elementor-top-section elementor-element elementor-element-2680b01 elementor-section-boxed elementor-section-height-default elementor-section-height-default\" data-id=\"2680b01\" data-element_type=\"section\" data-e-type=\"section\">\n\t\t\t\t\t\t<div class=\"elementor-container elementor-column-gap-default\">\n\t\t\t\t\t<div class=\"elementor-column elementor-col-100 elementor-top-column elementor-element elementor-element-9833fd1\" data-id=\"9833fd1\" data-element_type=\"column\" data-e-type=\"column\">\n\t\t\t<div class=\"elementor-widget-wrap elementor-element-populated\">\n\t\t\t\t\t\t<div class=\"elementor-element elementor-element-b1d1d27 elementor-widget elementor-widget-heading\" data-id=\"b1d1d27\" data-element_type=\"widget\" data-e-type=\"widget\" data-widget_type=\"heading.default\">\n\t\t\t\t<div class=\"elementor-widget-container\">\n\t\t\t\t\t<h2 class=\"elementor-heading-title elementor-size-default\">Por qu\u00e9 elegir AGROMPARTS<\/h2>\t\t\t\t<\/div>\n\t\t\t\t<\/div>\n\t\t\t\t<div class=\"elementor-element elementor-element-58d91c1 color-scheme-inherit text-left elementor-widget elementor-widget-text-editor\" data-id=\"58d91c1\" data-element_type=\"widget\" data-e-type=\"widget\" data-widget_type=\"text-editor.default\">\n\t\t\t\t<div class=\"elementor-widget-container\">\n\t\t\t\t\t\t\t\t\t<ul><li>Garant\u00eda de calidad: Cada pieza de nuestro inventario se somete a una rigurosa inspecci\u00f3n para garantizar su calidad y fiabilidad.<\/li><li>Asequibilidad: Creemos que el mantenimiento de su maquinaria no debe suponer un gasto excesivo. Por eso ofrecemos precios competitivos en todos nuestros productos.<\/li><li>Experiencia: Nuestro equipo est\u00e1 formado por profesionales expertos que est\u00e1n aqu\u00ed para ayudarle en cada paso del camino, desde la selecci\u00f3n del producto hasta el asesoramiento sobre la instalaci\u00f3n.<\/li><li>Atenci\u00f3n al cliente: Su satisfacci\u00f3n es nuestra m\u00e1xima prioridad. Nos esforzamos por ofrecer una asistencia r\u00e1pida y un servicio personalizado para satisfacer sus necesidades espec\u00edficas.<\/li><\/ul>\t\t\t\t\t\t\t\t<\/div>\n\t\t\t\t<\/div>\n\t\t\t\t<div class=\"elementor-element elementor-element-093d557 elementor-widget elementor-widget-heading\" data-id=\"093d557\" data-element_type=\"widget\" data-e-type=\"widget\" data-widget_type=\"heading.default\">\n\t\t\t\t<div class=\"elementor-widget-container\">\n\t\t\t\t\t<h2 class=\"elementor-heading-title elementor-size-default\">Ponte en contacto\n<\/h2>\t\t\t\t<\/div>\n\t\t\t\t<\/div>\n\t\t\t\t<div class=\"elementor-element elementor-element-a8a6854 color-scheme-inherit text-left elementor-widget elementor-widget-text-editor\" data-id=\"a8a6854\" data-element_type=\"widget\" data-e-type=\"widget\" data-widget_type=\"text-editor.default\">\n\t\t\t\t<div class=\"elementor-widget-container\">\n\t\t\t\t\t\t\t\t\t<p>Tanto si busca una pieza espec\u00edfica como si necesita ayuda con su pedido, nuestro amable equipo est\u00e1 aqu\u00ed para ayudarle. \u00a1P\u00f3ngase en contacto con nosotros hoy para experimentar la diferencia AGROMPARTS!<\/p>\t\t\t\t\t\t\t\t<\/div>\n\t\t\t\t<\/div>\n\t\t\t\t<div class=\"elementor-element elementor-element-0698869 color-scheme-inherit text-left elementor-widget elementor-widget-text-editor\" data-id=\"0698869\" data-element_type=\"widget\" data-e-type=\"widget\" data-widget_type=\"text-editor.default\">\n\t\t\t\t<div class=\"elementor-widget-container\">\n\t\t\t\t\t\t\t\t\t<p style=\"text-align: center;\">Gracias por elegir AGROMPARTS como su socio de confianza en la agricultura.<\/p>\t\t\t\t\t\t\t\t<\/div>\n\t\t\t\t<\/div>\n\t\t\t\t\t<\/div>\n\t\t<\/div>\n\t\t\t\t\t<\/div>\n\t\t<\/section>\n\t\t\t\t<\/div>","protected":false},"excerpt":{"rendered":"<p>Used Agricultural Machinery Parts in Europe Welcome to AGROMPARTS, your premier destination for high-quality used parts for tractors, harvesters, and<\/p>","protected":false},"author":3,"featured_media":0,"parent":0,"menu_order":0,"comment_status":"closed","ping_status":"closed","template":"elementor_header_footer","meta":{"footnotes":""},"folder":[],"class_list":["post-44492","page","type-page","status-publish","hentry"],"_links":{"self":[{"href":"https:\/\/agromparts.com\/es\/wp-json\/wp\/v2\/pages\/44492","targetHints":{"allow":["GET"]}}],"collection":[{"href":"https:\/\/agromparts.com\/es\/wp-json\/wp\/v2\/pages"}],"about":[{"href":"https:\/\/agromparts.com\/es\/wp-json\/wp\/v2\/types\/page"}],"author":[{"embeddable":true,"href":"https:\/\/agromparts.com\/es\/wp-json\/wp\/v2\/users\/3"}],"replies":[{"embeddable":true,"href":"https:\/\/agromparts.com\/es\/wp-json\/wp\/v2\/comments?post=44492"}],"version-history":[{"count":53,"href":"https:\/\/agromparts.com\/es\/wp-json\/wp\/v2\/pages\/44492\/revisions"}],"predecessor-version":[{"id":44563,"href":"https:\/\/agromparts.com\/es\/wp-json\/wp\/v2\/pages\/44492\/revisions\/44563"}],"wp:attachment":[{"href":"https:\/\/agromparts.com\/es\/wp-json\/wp\/v2\/media?parent=44492"}],"wp:term":[{"taxonomy":"folder","embeddable":true,"href":"https:\/\/agromparts.com\/es\/wp-json\/wp\/v2\/folder?post=44492"}],"curies":[{"name":"gracias","href":"https:\/\/api.w.org\/{rel}","templated":true}]}}