{"id":29843,"date":"2024-01-18T21:33:52","date_gmt":"2024-01-18T21:33:52","guid":{"rendered":"https:\/\/agromparts.com\/?post_type=product&#038;p=29843"},"modified":"2026-02-13T11:27:26","modified_gmt":"2026-02-13T10:27:26","slug":"steuerventil-re199207","status":"publish","type":"product","link":"https:\/\/agromparts.com\/de\/produkt\/steuerventil-re199207\/","title":{"rendered":"COMPLETE TLS VALVE &#8211; RE199207, RE200098, RE306377- 3 PCS JOHN DEERE 7930,7200J, 7215J, 7230J, 7630"},"content":{"rendered":"<pre id=\"tw-target-text\" class=\"tw-data-text tw-text-large tw-ta\" dir=\"ltr\" data-placeholder=\"T\u0142umaczenie\" data-ved=\"2ahUKEwiK0KLqnrGLAxW7JRAIHfOCCgoQ3ewLegQIBxAW\" aria-label=\"Przet\u0142umaczony tekst: USED \u200b\u200bPARTS IN PERFECT CONDITION FOR SALE COMPLETE TLS VALVE JOHN DEERE 7930 - RE199207 - PLN 50,000, RE200098-2600 PLN, RE306377- 3 PIECES - PLN 1,600\/PIECE, RE199205 POSSIBILITY OF SALE ALSO FOR PARTS PRODUCT FITS MODELS: 7200J 7215J 7230J 7630 7720 7730 7820 7830 7920 7930 We also have other parts for these models and others\"><span class=\"Y2IQFc\" lang=\"en\">GEBRAUCHTE TEILE IN PERFEKTEM ZUSTAND ZU VERKAUFEN KOMPLETTES TLS-VENTIL JOHN DEERE 7930 - RE199207 - 50.000 PLN, RE200098-2600 PLN, RE306377- 3 ST\u00dcCK - 1.600 PLN\/ST\u00dcCK, RE199205 M\u00d6GLICHKEIT DES VERKAUFS AUCH F\u00dcR TEILE PRODUKT PASST F\u00dcR MODELLE: 7200J 7215J 7230J 7630 7720 7730 7820 7830 7920 7930 Wir haben auch andere Teile f\u00fcr diese und andere Modelle<\/span><\/pre>","protected":false},"excerpt":{"rendered":"<p>USED \u200b\u200bPARTS IN PERFECT CONDITION FOR SALE COMPLETE TLS VALVE JOHN DEERE 7930 &#8211; RE199207 &#8211; PLN 50,000, RE200098-2600 PLN,<\/p>","protected":false},"featured_media":61283,"comment_status":"open","ping_status":"closed","template":"","meta":[],"product_brand":[],"product_cat":[964],"product_tag":[],"class_list":{"0":"post-29843","1":"product","2":"type-product","3":"status-publish","4":"has-post-thumbnail","6":"product_cat-mechanism-of-front-and-rear-pto","8":"first","9":"instock","10":"shipping-taxable","11":"purchasable","12":"product-type-simple"},"_links":{"self":[{"href":"https:\/\/agromparts.com\/de\/wp-json\/wp\/v2\/product\/29843","targetHints":{"allow":["GET"]}}],"collection":[{"href":"https:\/\/agromparts.com\/de\/wp-json\/wp\/v2\/product"}],"about":[{"href":"https:\/\/agromparts.com\/de\/wp-json\/wp\/v2\/types\/product"}],"replies":[{"embeddable":true,"href":"https:\/\/agromparts.com\/de\/wp-json\/wp\/v2\/comments?post=29843"}],"version-history":[{"count":3,"href":"https:\/\/agromparts.com\/de\/wp-json\/wp\/v2\/product\/29843\/revisions"}],"predecessor-version":[{"id":61293,"href":"https:\/\/agromparts.com\/de\/wp-json\/wp\/v2\/product\/29843\/revisions\/61293"}],"wp:featuredmedia":[{"embeddable":true,"href":"https:\/\/agromparts.com\/de\/wp-json\/wp\/v2\/media\/61283"}],"wp:attachment":[{"href":"https:\/\/agromparts.com\/de\/wp-json\/wp\/v2\/media?parent=29843"}],"wp:term":[{"taxonomy":"product_brand","embeddable":true,"href":"https:\/\/agromparts.com\/de\/wp-json\/wp\/v2\/product_brand?post=29843"},{"taxonomy":"product_cat","embeddable":true,"href":"https:\/\/agromparts.com\/de\/wp-json\/wp\/v2\/product_cat?post=29843"},{"taxonomy":"product_tag","embeddable":true,"href":"https:\/\/agromparts.com\/de\/wp-json\/wp\/v2\/product_tag?post=29843"}],"curies":[{"name":"wp","href":"https:\/\/api.w.org\/{rel}","templated":true}]}}