{"id":44492,"date":"2024-01-27T12:55:13","date_gmt":"2024-01-27T12:55:13","guid":{"rendered":"https:\/\/agromparts.com\/?page_id=44492"},"modified":"2024-02-01T14:31:39","modified_gmt":"2024-02-01T14:31:39","slug":"uber-uns","status":"publish","type":"page","link":"https:\/\/agromparts.com\/de\/uber-uns\/","title":{"rendered":"\u00dcber uns"},"content":{"rendered":"<div data-elementor-type=\"wp-page\" data-elementor-id=\"44492\" class=\"elementor elementor-44492\">\n\t\t\t\t\t\t<section class=\"wd-negative-gap elementor-section elementor-top-section elementor-element elementor-element-be58fdf elementor-section-boxed elementor-section-height-default elementor-section-height-default\" data-id=\"be58fdf\" data-element_type=\"section\" data-e-type=\"section\">\n\t\t\t\t\t\t<div class=\"elementor-container elementor-column-gap-default\">\n\t\t\t\t\t<div class=\"elementor-column elementor-col-100 elementor-top-column elementor-element elementor-element-78d67a6\" data-id=\"78d67a6\" data-element_type=\"column\" data-e-type=\"column\">\n\t\t\t<div class=\"elementor-widget-wrap elementor-element-populated\">\n\t\t\t\t\t\t<div class=\"elementor-element elementor-element-cd2c7c9 elementor-widget elementor-widget-heading\" data-id=\"cd2c7c9\" data-element_type=\"widget\" data-e-type=\"widget\" data-widget_type=\"heading.default\">\n\t\t\t\t<div class=\"elementor-widget-container\">\n\t\t\t\t\t<h1 class=\"elementor-heading-title elementor-size-default\">Gebrauchte Landmaschinenteile in Europa<\/h1>\t\t\t\t<\/div>\n\t\t\t\t<\/div>\n\t\t\t\t\t<\/div>\n\t\t<\/div>\n\t\t\t\t\t<\/div>\n\t\t<\/section>\n\t\t\t\t<section class=\"wd-negative-gap elementor-section elementor-top-section elementor-element elementor-element-ba1fdfe elementor-section-boxed elementor-section-height-default elementor-section-height-default\" data-id=\"ba1fdfe\" data-element_type=\"section\" data-e-type=\"section\">\n\t\t\t\t\t\t<div class=\"elementor-container elementor-column-gap-default\">\n\t\t\t\t\t<div class=\"elementor-column elementor-col-100 elementor-top-column elementor-element elementor-element-cea818d\" data-id=\"cea818d\" data-element_type=\"column\" data-e-type=\"column\">\n\t\t\t<div class=\"elementor-widget-wrap elementor-element-populated\">\n\t\t\t\t\t\t<div class=\"elementor-element elementor-element-d526bc8 color-scheme-inherit text-left elementor-widget elementor-widget-text-editor\" data-id=\"d526bc8\" data-element_type=\"widget\" data-e-type=\"widget\" data-widget_type=\"text-editor.default\">\n\t\t\t\t<div class=\"elementor-widget-container\">\n\t\t\t\t\t\t\t\t\t<p>Willkommen bei AGROMPARTS, Ihrer ersten Adresse f\u00fcr hochwertige Gebrauchtteile f\u00fcr Traktoren, Erntemaschinen und Ballenpressen in ganz Europa. AGROMPARTS ist darauf spezialisiert, zuverl\u00e4ssige und kosteneffiziente L\u00f6sungen anzubieten, damit Ihre Landmaschinen optimal funktionieren. AGROMPARTS besteht aus einem Team von engagierten Fachleuten mit einem tiefgreifenden Verst\u00e4ndnis f\u00fcr die Landwirtschaft und einer Verpflichtung zur Kundenzufriedenheit. Dank unserer langj\u00e4hrigen Erfahrung in der Branche sind wir zu einer vertrauensw\u00fcrdigen Quelle f\u00fcr qualitativ hochwertige Gebrauchtteile von renommierten Lieferanten geworden.<\/p>\t\t\t\t\t\t\t\t<\/div>\n\t\t\t\t<\/div>\n\t\t\t\t\t<\/div>\n\t\t<\/div>\n\t\t\t\t\t<\/div>\n\t\t<\/section>\n\t\t\t\t<section class=\"wd-negative-gap elementor-section elementor-top-section elementor-element elementor-element-3a2099e elementor-section-boxed elementor-section-height-default elementor-section-height-default\" data-id=\"3a2099e\" data-element_type=\"section\" data-e-type=\"section\">\n\t\t\t\t\t\t<div class=\"elementor-container elementor-column-gap-default\">\n\t\t\t\t\t<div class=\"elementor-column elementor-col-100 elementor-top-column elementor-element elementor-element-615c7ad\" data-id=\"615c7ad\" data-element_type=\"column\" data-e-type=\"column\">\n\t\t\t<div class=\"elementor-widget-wrap elementor-element-populated\">\n\t\t\t\t\t\t<div class=\"elementor-element elementor-element-8e62ab0 elementor-widget elementor-widget-heading\" data-id=\"8e62ab0\" data-element_type=\"widget\" data-e-type=\"widget\" data-widget_type=\"heading.default\">\n\t\t\t\t<div class=\"elementor-widget-container\">\n\t\t\t\t\t<h2 class=\"elementor-heading-title elementor-size-default\">Unsere Produkte:\n<\/h2>\t\t\t\t<\/div>\n\t\t\t\t<\/div>\n\t\t\t\t\t<\/div>\n\t\t<\/div>\n\t\t\t\t\t<\/div>\n\t\t<\/section>\n\t\t\t\t<section class=\"wd-negative-gap elementor-section elementor-top-section elementor-element elementor-element-ecad14d elementor-section-boxed elementor-section-height-default elementor-section-height-default\" data-id=\"ecad14d\" data-element_type=\"section\" data-e-type=\"section\">\n\t\t\t\t\t\t<div class=\"elementor-container elementor-column-gap-default\">\n\t\t\t\t\t<div class=\"elementor-column elementor-col-100 elementor-top-column elementor-element elementor-element-71e0c50\" data-id=\"71e0c50\" data-element_type=\"column\" data-e-type=\"column\">\n\t\t\t<div class=\"elementor-widget-wrap elementor-element-populated\">\n\t\t\t\t\t\t<div class=\"elementor-element elementor-element-e47e366 color-scheme-inherit text-left elementor-widget elementor-widget-text-editor\" data-id=\"e47e366\" data-element_type=\"widget\" data-e-type=\"widget\" data-widget_type=\"text-editor.default\">\n\t\t\t\t<div class=\"elementor-widget-container\">\n\t\t\t\t\t\t\t\t\t<p style=\"padding-left: 40px; text-align: left;\">\u00a0AGROMPARTS besteht aus einem Team von engagierten Fachleuten, die ein tiefes Verst\u00e4ndnis f\u00fcr die Landwirtschaft haben und sich der Kundenzufriedenheit verpflichtet f\u00fchlen. Dank unserer langj\u00e4hrigen Erfahrung in der Branche sind wir zu einer vertrauensw\u00fcrdigen Quelle f\u00fcr echte, hochwertige Gebrauchtteile von renommierten Lieferanten geworden.<\/p>\t\t\t\t\t\t\t\t<\/div>\n\t\t\t\t<\/div>\n\t\t\t\t\t<\/div>\n\t\t<\/div>\n\t\t\t\t\t<\/div>\n\t\t<\/section>\n\t\t\t\t<section class=\"wd-negative-gap elementor-section elementor-top-section elementor-element elementor-element-c433d7d elementor-section-boxed elementor-section-height-default elementor-section-height-default\" data-id=\"c433d7d\" data-element_type=\"section\" data-e-type=\"section\">\n\t\t\t\t\t\t<div class=\"elementor-container elementor-column-gap-default\">\n\t\t\t\t\t<div class=\"elementor-column elementor-col-33 elementor-top-column elementor-element elementor-element-928b590\" data-id=\"928b590\" data-element_type=\"column\" data-e-type=\"column\">\n\t\t\t<div class=\"elementor-widget-wrap elementor-element-populated\">\n\t\t\t\t\t\t<div class=\"elementor-element elementor-element-7979593 elementor-widget elementor-widget-heading\" data-id=\"7979593\" data-element_type=\"widget\" data-e-type=\"widget\" data-widget_type=\"heading.default\">\n\t\t\t\t<div class=\"elementor-widget-container\">\n\t\t\t\t\t<h2 class=\"elementor-heading-title elementor-size-default\">Erntemaschine  \n<\/h2>\t\t\t\t<\/div>\n\t\t\t\t<\/div>\n\t\t\t\t<div class=\"elementor-element elementor-element-b1ab6af color-scheme-inherit text-left elementor-widget elementor-widget-text-editor\" data-id=\"b1ab6af\" data-element_type=\"widget\" data-e-type=\"widget\" data-widget_type=\"text-editor.default\">\n\t\t\t\t<div class=\"elementor-widget-container\">\n\t\t\t\t\t\t\t\t\t<p>John deere WTS 1450 cws<br \/>John deere w540<br \/>John deere 7750i<br \/>John deere s690<br \/>John deere s670HM<br \/>John deere T660<br \/>John deere 1177<\/p><p>Claas lexion 730-750<br \/>Claas Lexion 480 I,II<br \/>Claas Lexion 460<br \/>Claas Lexion 440<br \/>Claas Lexion 770 terratrac<br \/>Claas Lexion 660<br \/>Claas Mega 203<br \/>Claas mega 360<br \/>Claas mega 370<br \/>Claas Tucano 430<br \/>Claas Dominator 150-130<br \/>Claas Dominator 88<br \/>Claas Dominator 150<br \/>Claas Dominator 108<br \/>Claas Commandor 116<br \/>Claas Commandor 228<\/p><p>Neuholland TX66<br \/>Neuholland TX64<br \/>Neuholland CR9080<br \/>Neuholland CX8080<br \/>Neuholland CS540<br \/>Deutz 36.10<\/p>\t\t\t\t\t\t\t\t<\/div>\n\t\t\t\t<\/div>\n\t\t\t\t\t<\/div>\n\t\t<\/div>\n\t\t\t\t<div class=\"elementor-column elementor-col-33 elementor-top-column elementor-element elementor-element-65dda28\" data-id=\"65dda28\" data-element_type=\"column\" data-e-type=\"column\">\n\t\t\t<div class=\"elementor-widget-wrap elementor-element-populated\">\n\t\t\t\t\t\t<div class=\"elementor-element elementor-element-844c65d elementor-widget elementor-widget-heading\" data-id=\"844c65d\" data-element_type=\"widget\" data-e-type=\"widget\" data-widget_type=\"heading.default\">\n\t\t\t\t<div class=\"elementor-widget-container\">\n\t\t\t\t\t<h2 class=\"elementor-heading-title elementor-size-default\">Ballenpressen <\/h2>\t\t\t\t<\/div>\n\t\t\t\t<\/div>\n\t\t\t\t<div class=\"elementor-element elementor-element-56e49da color-scheme-inherit text-left elementor-widget elementor-widget-text-editor\" data-id=\"56e49da\" data-element_type=\"widget\" data-e-type=\"widget\" data-widget_type=\"text-editor.default\">\n\t\t\t\t<div class=\"elementor-widget-container\">\n\t\t\t\t\t\t\t\t\t<p>Klasse Quadrant 3200<br \/>Claas Quadrant 3300<br \/>Klasse Quadrant 3400<br \/>Claas Variant 180RC<br \/>Claas Variante 260<br \/>Claas Variante 280RC<br \/>Claas Variante 370<br \/>Claas Variante 385RC<\/p><p>Vicon RV 2160 Ballenwickler<br \/>Vicon RV 2190<\/p><p>Krone comprima CF 155 XC Ballenwickler<br \/>Krone comprima CV 155 XC Ballenwickler<br \/>Krone Gro\u00dfpackung 1270 HDP<\/p><p>Kuhn VB 2160<br \/>Kuhn VB 2260<\/p><p>Lely RP 445<br \/>Lely RP 435<br \/>Lely RPC 445 Tornado <br \/>Lely RP 535<\/p><p>Fendt 5160V<\/p><p>John deere 545<br \/>John deere 550<br \/>John deere 572<br \/>John deere 592 <br \/>John deere 960<br \/>John deere F441M<\/p><p>Neuholland BR 740<br \/>Neuholland BR 7060<br \/>Neuholland BR 7070<br \/>New holland Rollbelt 150<\/p><p>Geh\u00e4use RBX 454<\/p><p>P\u00f6ttinger Impress 185 V Pro<\/p>\t\t\t\t\t\t\t\t<\/div>\n\t\t\t\t<\/div>\n\t\t\t\t\t<\/div>\n\t\t<\/div>\n\t\t\t\t<div class=\"elementor-column elementor-col-33 elementor-top-column elementor-element elementor-element-2ed4d9a\" data-id=\"2ed4d9a\" data-element_type=\"column\" data-e-type=\"column\">\n\t\t\t<div class=\"elementor-widget-wrap elementor-element-populated\">\n\t\t\t\t\t\t<div class=\"elementor-element elementor-element-86eeae7 elementor-widget elementor-widget-heading\" data-id=\"86eeae7\" data-element_type=\"widget\" data-e-type=\"widget\" data-widget_type=\"heading.default\">\n\t\t\t\t<div class=\"elementor-widget-container\">\n\t\t\t\t\t<h2 class=\"elementor-heading-title elementor-size-default\">Traktoren \n<\/h2>\t\t\t\t<\/div>\n\t\t\t\t<\/div>\n\t\t\t\t<section class=\"wd-negative-gap elementor-section elementor-inner-section elementor-element elementor-element-8773da0 elementor-section-boxed elementor-section-height-default elementor-section-height-default\" data-id=\"8773da0\" data-element_type=\"section\" data-e-type=\"section\">\n\t\t\t\t\t\t<div class=\"elementor-container elementor-column-gap-default\">\n\t\t\t\t\t<div class=\"elementor-column elementor-col-50 elementor-inner-column elementor-element elementor-element-d80390a\" data-id=\"d80390a\" data-element_type=\"column\" data-e-type=\"column\">\n\t\t\t<div class=\"elementor-widget-wrap elementor-element-populated\">\n\t\t\t\t\t\t<div class=\"elementor-element elementor-element-ff3a7d9 elementor-widget__width-initial color-scheme-inherit text-left elementor-widget elementor-widget-text-editor\" data-id=\"ff3a7d9\" data-element_type=\"widget\" data-e-type=\"widget\" data-widget_type=\"text-editor.default\">\n\t\t\t\t<div class=\"elementor-widget-container\">\n\t\t\t\t\t\t\t\t\t<p>John deere 7930<br \/>John Deere 7830<br \/>John deere 7920<br \/>John deere 7810<br \/>John Deere 6534<br \/>John deere 6410<br \/>John Deere 6230<br \/>John deere 6330<br \/>John deere 6320<br \/>John deere 9620 RX<br \/>John deere 6145R<br \/>John deere 5100M<br \/>John deere 5100R<br \/>John deere 6115R<br \/>Claas Ares 715<br \/>Claas Ares 816<br \/>Claas Ares 657 ATZ<br \/>Claas Axion 810<br \/>Claas Arion 650 <br \/>Claas Arion 630<br \/>Claas Celtis 446<br \/>Massey Ferguson 6460<br \/>Massey Ferguson 6280<br \/>Massey Ferguson 7499 VT<br \/>Massey Ferguson 7624 dyna 6<br \/>Massey Ferguson 8140<br \/>Massey Ferguson 8130<br \/>Massey Ferguson 8120<br \/>Massey Ferguson 8110 <br \/>Massey Ferguson 373<br \/>Massey Ferguson 8740 S<br \/>Masse 174s<br \/>Valtra S324<br \/>Valtra t140<br \/>Valtra A92<br \/>Valtra T234<br \/>Valmet 6400<br \/>New Holland TS100<br \/>New Holland T5.120<br \/>Neuholland t4.120<br \/>New Holland TM 130<br \/>New Holland T6.145<br \/>New Holland T6080<br \/>Neuholland T6020<br \/>New Holland T7080<br \/>Neuholland TN75 <br \/>Neuholland T7.210<\/p><p>Fall cs86<br \/>Geh\u00e4use cx 100<br \/>Geh\u00e4use mx100 <br \/>Koffer mx 120<br \/>Geh\u00e4use 4230<\/p>\t\t\t\t\t\t\t\t<\/div>\n\t\t\t\t<\/div>\n\t\t\t\t\t<\/div>\n\t\t<\/div>\n\t\t\t\t<div class=\"elementor-column elementor-col-50 elementor-inner-column elementor-element elementor-element-888ef9c\" data-id=\"888ef9c\" data-element_type=\"column\" data-e-type=\"column\">\n\t\t\t<div class=\"elementor-widget-wrap elementor-element-populated\">\n\t\t\t\t\t\t<div class=\"elementor-element elementor-element-755c584 color-scheme-inherit text-left elementor-widget elementor-widget-text-editor\" data-id=\"755c584\" data-element_type=\"widget\" data-e-type=\"widget\" data-widget_type=\"text-editor.default\">\n\t\t\t\t<div class=\"elementor-widget-container\">\n\t\t\t\t\t\t\t\t\t<p>Fall 5130<br \/>Koffer Puma 225cvx<br \/>Koffer puma 140 cvx<br \/>Koffer Magnum 7240<br \/>Koffer MXM 190<br \/>Mccromick MTX140<br \/>McCormick MTX 150<br \/>Steyr 4125<br \/>Steyr 6145<br \/>Steyr 9086<br \/>Fendt 313 vario<br \/>Fendt 412 vario<br \/>Fendt 514 vario<br \/>Fendt 712 vario<br \/>Fendt 716 TMS<br \/>Fendt 818 vario<br \/>Fendt 820 TMS <br \/>Fendt 926 vario<br \/>Fendt 930vario<br \/>Fendt 930 scr<br \/>Fendt 933<br \/>Fendt 936<br \/>Fendt 936 scr<br \/>Fendt 309CA<br \/>Fendt 309<br \/>Fendt xylon 524<br \/>Deutz Agrostar 6.61<br \/>Deutz Agrotron 100 mk3<br \/>Deutz Agrotron 106<br \/>Deutz Agrotron M410<br \/>Deutz Agrotron 6.30<br \/>Deutz Agrotron 150 neu<br \/>Deutz Agrotron 165 mk3<br \/>Deutz Agrotron K430<br \/>Deutz Agrotron 105 <br \/>Deutz Agrotron 215 NEU <br \/>Deutz Agroplus 87<br \/>Gleiches Eisen 150<br \/>Fiat F115 DT<br \/>Zetor 10540<br \/>Zetor Forterra 120<br \/>Telehandler<br \/>Manitou BT420<br \/>Manitou MLA 628<br \/>Manitou MLT 633 <br \/>Manitou MLT 734<br \/>Manitou MLT 840<br \/>Merlo 26.6<br \/>Merlo 34,7<br \/>Merlo 30.9<br \/>Merlo 32.6<br \/>JCB 530-70<br \/>JCB 731-70<\/p>\t\t\t\t\t\t\t\t<\/div>\n\t\t\t\t<\/div>\n\t\t\t\t\t<\/div>\n\t\t<\/div>\n\t\t\t\t\t<\/div>\n\t\t<\/section>\n\t\t\t\t\t<\/div>\n\t\t<\/div>\n\t\t\t\t\t<\/div>\n\t\t<\/section>\n\t\t\t\t<section class=\"wd-negative-gap elementor-section elementor-top-section elementor-element elementor-element-2680b01 elementor-section-boxed elementor-section-height-default elementor-section-height-default\" data-id=\"2680b01\" data-element_type=\"section\" data-e-type=\"section\">\n\t\t\t\t\t\t<div class=\"elementor-container elementor-column-gap-default\">\n\t\t\t\t\t<div class=\"elementor-column elementor-col-100 elementor-top-column elementor-element elementor-element-9833fd1\" data-id=\"9833fd1\" data-element_type=\"column\" data-e-type=\"column\">\n\t\t\t<div class=\"elementor-widget-wrap elementor-element-populated\">\n\t\t\t\t\t\t<div class=\"elementor-element elementor-element-b1d1d27 elementor-widget elementor-widget-heading\" data-id=\"b1d1d27\" data-element_type=\"widget\" data-e-type=\"widget\" data-widget_type=\"heading.default\">\n\t\t\t\t<div class=\"elementor-widget-container\">\n\t\t\t\t\t<h2 class=\"elementor-heading-title elementor-size-default\">Warum AGROMPARTS w\u00e4hlen?<\/h2>\t\t\t\t<\/div>\n\t\t\t\t<\/div>\n\t\t\t\t<div class=\"elementor-element elementor-element-58d91c1 color-scheme-inherit text-left elementor-widget elementor-widget-text-editor\" data-id=\"58d91c1\" data-element_type=\"widget\" data-e-type=\"widget\" data-widget_type=\"text-editor.default\">\n\t\t\t\t<div class=\"elementor-widget-container\">\n\t\t\t\t\t\t\t\t\t<ul><li>Qualit\u00e4tssicherung: Jedes Teil in unserem Bestand wird einer strengen Pr\u00fcfung unterzogen, um Qualit\u00e4t und Zuverl\u00e4ssigkeit zu gew\u00e4hrleisten.<\/li><li>Erschwinglichkeit: Wir sind der Meinung, dass die Wartung Ihrer Maschinen nicht das Budget sprengen sollte. Deshalb bieten wir wettbewerbsf\u00e4hige Preise f\u00fcr alle unsere Produkte.<\/li><li>Fachwissen: Unser Team besteht aus sachkundigen Fachleuten, die Ihnen bei jedem Schritt zur Seite stehen, von der Produktauswahl bis zur Installationsberatung.<\/li><li>Kundenbetreuung: Ihre Zufriedenheit ist unsere oberste Priorit\u00e4t. Wir bem\u00fchen uns um prompte Hilfe und einen pers\u00f6nlichen Service, der auf Ihre individuellen Bed\u00fcrfnisse eingeht.<\/li><\/ul>\t\t\t\t\t\t\t\t<\/div>\n\t\t\t\t<\/div>\n\t\t\t\t<div class=\"elementor-element elementor-element-093d557 elementor-widget elementor-widget-heading\" data-id=\"093d557\" data-element_type=\"widget\" data-e-type=\"widget\" data-widget_type=\"heading.default\">\n\t\t\t\t<div class=\"elementor-widget-container\">\n\t\t\t\t\t<h2 class=\"elementor-heading-title elementor-size-default\">Kontakt aufnehmen\n<\/h2>\t\t\t\t<\/div>\n\t\t\t\t<\/div>\n\t\t\t\t<div class=\"elementor-element elementor-element-a8a6854 color-scheme-inherit text-left elementor-widget elementor-widget-text-editor\" data-id=\"a8a6854\" data-element_type=\"widget\" data-e-type=\"widget\" data-widget_type=\"text-editor.default\">\n\t\t\t\t<div class=\"elementor-widget-container\">\n\t\t\t\t\t\t\t\t\t<p>Ganz gleich, ob Sie ein bestimmtes Teil suchen oder Unterst\u00fctzung bei Ihrer Bestellung ben\u00f6tigen, unser freundliches Team ist f\u00fcr Sie da. Kontaktieren Sie uns noch heute und erleben Sie den AGROMPARTS-Unterschied!<\/p>\t\t\t\t\t\t\t\t<\/div>\n\t\t\t\t<\/div>\n\t\t\t\t<div class=\"elementor-element elementor-element-0698869 color-scheme-inherit text-left elementor-widget elementor-widget-text-editor\" data-id=\"0698869\" data-element_type=\"widget\" data-e-type=\"widget\" data-widget_type=\"text-editor.default\">\n\t\t\t\t<div class=\"elementor-widget-container\">\n\t\t\t\t\t\t\t\t\t<p style=\"text-align: center;\">Vielen Dank, dass Sie AGROMPARTS als Ihren zuverl\u00e4ssigen Partner in der Landwirtschaft gew\u00e4hlt haben.<\/p>\t\t\t\t\t\t\t\t<\/div>\n\t\t\t\t<\/div>\n\t\t\t\t\t<\/div>\n\t\t<\/div>\n\t\t\t\t\t<\/div>\n\t\t<\/section>\n\t\t\t\t<\/div>","protected":false},"excerpt":{"rendered":"<p>Gebrauchte Landmaschinenteile in Europa Willkommen bei AGROMPARTS, Ihrem ersten Ziel f\u00fcr hochwertige gebrauchte Teile f\u00fcr Traktoren, Erntemaschinen und<\/p>","protected":false},"author":3,"featured_media":0,"parent":0,"menu_order":0,"comment_status":"closed","ping_status":"closed","template":"elementor_header_footer","meta":{"footnotes":""},"folder":[],"class_list":["post-44492","page","type-page","status-publish","hentry"],"_links":{"self":[{"href":"https:\/\/agromparts.com\/de\/wp-json\/wp\/v2\/pages\/44492","targetHints":{"allow":["GET"]}}],"collection":[{"href":"https:\/\/agromparts.com\/de\/wp-json\/wp\/v2\/pages"}],"about":[{"href":"https:\/\/agromparts.com\/de\/wp-json\/wp\/v2\/types\/page"}],"author":[{"embeddable":true,"href":"https:\/\/agromparts.com\/de\/wp-json\/wp\/v2\/users\/3"}],"replies":[{"embeddable":true,"href":"https:\/\/agromparts.com\/de\/wp-json\/wp\/v2\/comments?post=44492"}],"version-history":[{"count":53,"href":"https:\/\/agromparts.com\/de\/wp-json\/wp\/v2\/pages\/44492\/revisions"}],"predecessor-version":[{"id":44563,"href":"https:\/\/agromparts.com\/de\/wp-json\/wp\/v2\/pages\/44492\/revisions\/44563"}],"wp:attachment":[{"href":"https:\/\/agromparts.com\/de\/wp-json\/wp\/v2\/media?parent=44492"}],"wp:term":[{"taxonomy":"folder","embeddable":true,"href":"https:\/\/agromparts.com\/de\/wp-json\/wp\/v2\/folder?post=44492"}],"curies":[{"name":"wp","href":"https:\/\/api.w.org\/{rel}","templated":true}]}}